{"id":2668,"date":"2018-07-10T16:40:53","date_gmt":"2018-07-10T14:40:53","guid":{"rendered":"https:\/\/www.guingamp-paimpol.mobi\/mentions-legales\/"},"modified":"2021-07-14T23:30:46","modified_gmt":"2021-07-14T21:30:46","slug":"legal-notice","status":"publish","type":"page","link":"https:\/\/www.guingamp-paimpol.mobi\/en\/legal-notice\/","title":{"rendered":"Legal notice"},"content":{"rendered":"\t\t<div data-elementor-type=\"wp-page\" data-elementor-id=\"2668\" class=\"elementor elementor-2668 elementor-174\">\n\t\t\t\t\t\t<section class=\"elementor-section elementor-top-section elementor-element elementor-element-41c4e94a elementor-section-boxed elementor-section-height-default elementor-section-height-default\" data-id=\"41c4e94a\" data-element_type=\"section\">\n\t\t\t\t\t\t<div class=\"elementor-container elementor-column-gap-default\">\n\t\t\t\t\t<div class=\"elementor-column elementor-col-100 elementor-top-column elementor-element elementor-element-71d47cff\" data-id=\"71d47cff\" data-element_type=\"column\">\n\t\t\t<div class=\"elementor-widget-wrap elementor-element-populated\">\n\t\t\t\t\t\t<div class=\"elementor-element elementor-element-78927c38 elementor-widget elementor-widget-text-editor\" data-id=\"78927c38\" data-element_type=\"widget\" data-widget_type=\"text-editor.default\">\n\t\t\t\t<div class=\"elementor-widget-container\">\n\t\t\t\t\t\t\t\t\t<h2>Mentions L\u00e9gales<\/h2>\n<strong>Adresse:<\/strong>\nLe site Axeo appartient \u00e0 Guingamp-Paimpol Agglom\u00e9ration\n\nGUINGAMP-PAIMPOL AGGLOMERATION\n11, rue de la Trinit\u00e9\n22200 GUINGAMP\n\ncontact@guingamp-paimpol.bzh\n\n<strong>Responsable de la publication\u00a0:<\/strong>\nGildas LAGADEC, Directeur de Transdev Guingamp-Paimpol Agglom\u00e9ration\n\n<strong>Conception technique :<\/strong>\nLe site a \u00e9t\u00e9 con\u00e7u par l\u2019agence NewQuest, avenue\u00a0 des chevaliers tireurs, 73000 Chamb\u00e9ry\nAMOA : Altibus-solutions.com\n\n<strong>H\u00e9bergement\u00a0:<\/strong>\nLe site est h\u00e9berg\u00e9 par la soci\u00e9t\u00e9 Newquest, avenue des chevaliers tireurs, 73000 Chamb\u00e9ry\n<h2>ENGAGEMENT DE CONFIDENTIALIT\u00c9<\/h2>\nConform\u00e9ment au R\u00e8glement G\u00e9n\u00e9ral sur la Protection des Donn\u00e9es (RGPD), vous pouvez acc\u00e9der aux informations vous concernant ou demander leur effacement. Vous disposez \u00e9galement d\u2019un droit d\u2019opposition, d\u2019un droit de rectification et d\u2019un droit \u00e0 la limitation de l\u2019utilisation de vos donn\u00e9es.\u00a0Pour exercer ces droits ou pour toute question sur le traitement de vos informations dans ce dispositif, vous pouvez contacter notre DPO par voie \u00e9lectronique, dataprivacy@transdev.com ou par courrier \u00e0 D\u00e9l\u00e9gu\u00e9 \u00e0 la Protection des Donn\u00e9es Transdev, 3 all\u00e9es de Grenelle \u2013 CS 20098 \u2013 92442 Issy-les-Moulineaux. Nous vous remercions de joindre la copie d\u2019une pi\u00e8ce d\u2019identit\u00e9 lors de votre demande.\u00a0Si vous estimez, apr\u00e8s nous avoir contact\u00e9s, que vos droits Informatique et Libert\u00e9s ne sont pas respect\u00e9es ou que le dispositif n\u2019est pas conforme aux r\u00e8gles de protection des donn\u00e9es, vous pouvez adresser une r\u00e9clamation \u00e0 la CNIL.\n<h2>M\u00c9DIATION ET R\u00c8GLEMENT DES LITIGES EN LIGNE<\/h2>\nEn application des articles L. 612-1 et L. 616-1 du Code de la consommation, vous \u00eates inform\u00e9 que vous avez la possibilit\u00e9 de saisir le m\u00e9diateur \u00e0 la consommation qui sera le M\u00e9diateur du Tourisme et du Voyage et dont les coordonn\u00e9es sont les suivantes :\n\nMTV M\u00e9diation Tourisme Voyage\nBP 80 303\n75 823 Paris Cedex 17\n<a href=\"http:\/\/www.mtv.travel\" target=\"_blank\" rel=\"noopener\">www.mtv.travel<\/a>\n\nLa plate-forme pour saisir ce m\u00e9diateur est accessible \u00e0 partir du lien suivant :\n<a href=\"http:\/\/www.mtv.travel\/index.php?page=saisine-du-mediateur\" target=\"_blank\" rel=\"noopener\">http:\/\/www.mtv.travel\/index.php?page=saisine-du-mediateur<\/a>\n\nEn application de l\u2019article 14.1 du R\u00e8glement (UE) n\u00b0524\/2013 du Parlement Europ\u00e9en et du Conseil du 21 mai 2013, vous \u00eates inform\u00e9 de la possibilit\u00e9 de saisir la plateforme de R\u00e9solution des Litiges en Ligne (RLL) mise \u00e0 disposition par la Commission europ\u00e9enne et accessible \u00e0 l\u2019adresse suivante :\n<a href=\"https:\/\/webgate.ec.europa.eu\/odr\/main\/index.cfm?event=main.home.show&amp;lng=FR\" target=\"_blank\" rel=\"noopener\">https:\/\/webgate.ec.europa.eu\/odr\/main\/index.cfm?event=main.home.show&amp;lng=FR<\/a>.\n\nNous vous rappelons que vous pouvez nous contacter \u00e9lectroniquement via le formulaire accessible \u00e0 l\u2019adresse :\n<a href=\"https:\/\/www.guingamp-paimpol.mobi\/suggestions-reclamations\/\">https:\/\/www.guingamp-paimpol.mobi\/suggestions-reclamations\/<\/a>\t\t\t\t\t\t\t\t<\/div>\n\t\t\t\t<\/div>\n\t\t\t\t\t<\/div>\n\t\t<\/div>\n\t\t\t\t\t<\/div>\n\t\t<\/section>\n\t\t\t\t<\/div>\n\t\t","protected":false},"excerpt":{"rendered":"<p>Adresse : Le site Axeo appartient \u00e0 Transdev Guingamp-Paimpol Agglom\u00e9ration, SASU dont le si\u00e8ge social est situ\u00e9 11, rue de Kerbost 22200 GRACES Contact : contact@guingamp-paimpol.bzh Immatriculation RCS : 834 043 648 R.C.S.\u00a0SAINT-BRIEUC Immatricul\u00e9 depuis le 15 d\u00e9cembre 2017 Num\u00e9ro de TVA intracommunautaire : FR48834043648 Capital Social : 100 000,00 \u20ac Responsable de la publication\u00a0: [&hellip;]<\/p>\n","protected":false},"author":1,"featured_media":0,"parent":0,"menu_order":0,"comment_status":"closed","ping_status":"closed","template":"","meta":{"_acf_changed":false,"footnotes":""},"class_list":["post-2668","page","type-page","status-publish","hentry"],"acf":[],"yoast_head":"<!-- This site is optimized with the Yoast SEO plugin v26.8 - https:\/\/yoast.com\/product\/yoast-seo-wordpress\/ -->\n<title>Legal notice - Guingamp-Paimpol Mobilit\u00e9<\/title>\n<meta name=\"robots\" content=\"index, follow, max-snippet:-1, max-image-preview:large, max-video-preview:-1\" \/>\n<link rel=\"canonical\" href=\"https:\/\/www.guingamp-paimpol.mobi\/en\/legal-notice\/\" \/>\n<meta property=\"og:locale\" content=\"en_US\" \/>\n<meta property=\"og:type\" content=\"article\" \/>\n<meta property=\"og:title\" content=\"Legal notice - Guingamp-Paimpol Mobilit\u00e9\" \/>\n<meta property=\"og:description\" content=\"Adresse : Le site Axeo appartient \u00e0 Transdev Guingamp-Paimpol Agglom\u00e9ration, SASU dont le si\u00e8ge social est situ\u00e9 11, rue de Kerbost 22200 GRACES Contact : contact@guingamp-paimpol.bzh Immatriculation RCS : 834 043 648 R.C.S.\u00a0SAINT-BRIEUC Immatricul\u00e9 depuis le 15 d\u00e9cembre 2017 Num\u00e9ro de TVA intracommunautaire : FR48834043648 Capital Social : 100 000,00 \u20ac Responsable de la publication\u00a0: [&hellip;]\" \/>\n<meta property=\"og:url\" content=\"https:\/\/www.guingamp-paimpol.mobi\/en\/legal-notice\/\" \/>\n<meta property=\"og:site_name\" content=\"Guingamp-Paimpol Mobilit\u00e9\" \/>\n<meta property=\"article:modified_time\" content=\"2021-07-14T21:30:46+00:00\" \/>\n<meta property=\"og:image\" content=\"https:\/\/www.guingamp-paimpol.mobi\/wp-content\/uploads\/2023\/10\/Miniature-site.png\" \/>\n\t<meta property=\"og:image:width\" content=\"1200\" \/>\n\t<meta property=\"og:image:height\" content=\"630\" \/>\n\t<meta property=\"og:image:type\" content=\"image\/png\" \/>\n<meta name=\"twitter:card\" content=\"summary_large_image\" \/>\n<meta name=\"twitter:label1\" content=\"Est. reading time\" \/>\n\t<meta name=\"twitter:data1\" content=\"2 minutes\" \/>\n<script type=\"application\/ld+json\" class=\"yoast-schema-graph\">{\"@context\":\"https:\/\/schema.org\",\"@graph\":[{\"@type\":\"WebPage\",\"@id\":\"https:\/\/www.guingamp-paimpol.mobi\/en\/legal-notice\/\",\"url\":\"https:\/\/www.guingamp-paimpol.mobi\/en\/legal-notice\/\",\"name\":\"Legal notice - Guingamp-Paimpol Mobilit\u00e9\",\"isPartOf\":{\"@id\":\"https:\/\/www.guingamp-paimpol.mobi\/en\/#website\"},\"datePublished\":\"2018-07-10T14:40:53+00:00\",\"dateModified\":\"2021-07-14T21:30:46+00:00\",\"breadcrumb\":{\"@id\":\"https:\/\/www.guingamp-paimpol.mobi\/en\/legal-notice\/#breadcrumb\"},\"inLanguage\":\"en-US\",\"potentialAction\":[{\"@type\":\"ReadAction\",\"target\":[\"https:\/\/www.guingamp-paimpol.mobi\/en\/legal-notice\/\"]}]},{\"@type\":\"BreadcrumbList\",\"@id\":\"https:\/\/www.guingamp-paimpol.mobi\/en\/legal-notice\/#breadcrumb\",\"itemListElement\":[{\"@type\":\"ListItem\",\"position\":1,\"name\":\"Accueil\",\"item\":\"https:\/\/www.guingamp-paimpol.mobi\/en\/\"},{\"@type\":\"ListItem\",\"position\":2,\"name\":\"Legal notice\"}]},{\"@type\":\"WebSite\",\"@id\":\"https:\/\/www.guingamp-paimpol.mobi\/en\/#website\",\"url\":\"https:\/\/www.guingamp-paimpol.mobi\/en\/\",\"name\":\"Guingamp-Paimpol Mobilit\u00e9\",\"description\":\"R\u00e9seau de bus de Guingamp Paimpol\",\"potentialAction\":[{\"@type\":\"SearchAction\",\"target\":{\"@type\":\"EntryPoint\",\"urlTemplate\":\"https:\/\/www.guingamp-paimpol.mobi\/en\/?s={search_term_string}\"},\"query-input\":{\"@type\":\"PropertyValueSpecification\",\"valueRequired\":true,\"valueName\":\"search_term_string\"}}],\"inLanguage\":\"en-US\"}]}<\/script>\n<!-- \/ Yoast SEO plugin. -->","yoast_head_json":{"title":"Legal notice - Guingamp-Paimpol Mobilit\u00e9","robots":{"index":"index","follow":"follow","max-snippet":"max-snippet:-1","max-image-preview":"max-image-preview:large","max-video-preview":"max-video-preview:-1"},"canonical":"https:\/\/www.guingamp-paimpol.mobi\/en\/legal-notice\/","og_locale":"en_US","og_type":"article","og_title":"Legal notice - Guingamp-Paimpol Mobilit\u00e9","og_description":"Adresse : Le site Axeo appartient \u00e0 Transdev Guingamp-Paimpol Agglom\u00e9ration, SASU dont le si\u00e8ge social est situ\u00e9 11, rue de Kerbost 22200 GRACES Contact : contact@guingamp-paimpol.bzh Immatriculation RCS : 834 043 648 R.C.S.\u00a0SAINT-BRIEUC Immatricul\u00e9 depuis le 15 d\u00e9cembre 2017 Num\u00e9ro de TVA intracommunautaire : FR48834043648 Capital Social : 100 000,00 \u20ac Responsable de la publication\u00a0: [&hellip;]","og_url":"https:\/\/www.guingamp-paimpol.mobi\/en\/legal-notice\/","og_site_name":"Guingamp-Paimpol Mobilit\u00e9","article_modified_time":"2021-07-14T21:30:46+00:00","og_image":[{"width":1200,"height":630,"url":"https:\/\/www.guingamp-paimpol.mobi\/wp-content\/uploads\/2023\/10\/Miniature-site.png","type":"image\/png"}],"twitter_card":"summary_large_image","twitter_misc":{"Est. reading time":"2 minutes"},"schema":{"@context":"https:\/\/schema.org","@graph":[{"@type":"WebPage","@id":"https:\/\/www.guingamp-paimpol.mobi\/en\/legal-notice\/","url":"https:\/\/www.guingamp-paimpol.mobi\/en\/legal-notice\/","name":"Legal notice - Guingamp-Paimpol Mobilit\u00e9","isPartOf":{"@id":"https:\/\/www.guingamp-paimpol.mobi\/en\/#website"},"datePublished":"2018-07-10T14:40:53+00:00","dateModified":"2021-07-14T21:30:46+00:00","breadcrumb":{"@id":"https:\/\/www.guingamp-paimpol.mobi\/en\/legal-notice\/#breadcrumb"},"inLanguage":"en-US","potentialAction":[{"@type":"ReadAction","target":["https:\/\/www.guingamp-paimpol.mobi\/en\/legal-notice\/"]}]},{"@type":"BreadcrumbList","@id":"https:\/\/www.guingamp-paimpol.mobi\/en\/legal-notice\/#breadcrumb","itemListElement":[{"@type":"ListItem","position":1,"name":"Accueil","item":"https:\/\/www.guingamp-paimpol.mobi\/en\/"},{"@type":"ListItem","position":2,"name":"Legal notice"}]},{"@type":"WebSite","@id":"https:\/\/www.guingamp-paimpol.mobi\/en\/#website","url":"https:\/\/www.guingamp-paimpol.mobi\/en\/","name":"Guingamp-Paimpol Mobilit\u00e9","description":"R\u00e9seau de bus de Guingamp Paimpol","potentialAction":[{"@type":"SearchAction","target":{"@type":"EntryPoint","urlTemplate":"https:\/\/www.guingamp-paimpol.mobi\/en\/?s={search_term_string}"},"query-input":{"@type":"PropertyValueSpecification","valueRequired":true,"valueName":"search_term_string"}}],"inLanguage":"en-US"}]}},"publishpress_future_action":{"enabled":false,"date":"2026-05-22 15:01:14","action":"change-status","newStatus":"draft","terms":[],"taxonomy":"translation_priority","extraData":[]},"publishpress_future_workflow_manual_trigger":{"enabledWorkflows":[]},"_links":{"self":[{"href":"https:\/\/www.guingamp-paimpol.mobi\/en\/wp-json\/wp\/v2\/pages\/2668","targetHints":{"allow":["GET"]}}],"collection":[{"href":"https:\/\/www.guingamp-paimpol.mobi\/en\/wp-json\/wp\/v2\/pages"}],"about":[{"href":"https:\/\/www.guingamp-paimpol.mobi\/en\/wp-json\/wp\/v2\/types\/page"}],"author":[{"embeddable":true,"href":"https:\/\/www.guingamp-paimpol.mobi\/en\/wp-json\/wp\/v2\/users\/1"}],"replies":[{"embeddable":true,"href":"https:\/\/www.guingamp-paimpol.mobi\/en\/wp-json\/wp\/v2\/comments?post=2668"}],"version-history":[{"count":3,"href":"https:\/\/www.guingamp-paimpol.mobi\/en\/wp-json\/wp\/v2\/pages\/2668\/revisions"}],"predecessor-version":[{"id":4258,"href":"https:\/\/www.guingamp-paimpol.mobi\/en\/wp-json\/wp\/v2\/pages\/2668\/revisions\/4258"}],"wp:attachment":[{"href":"https:\/\/www.guingamp-paimpol.mobi\/en\/wp-json\/wp\/v2\/media?parent=2668"}],"curies":[{"name":"wp","href":"https:\/\/api.w.org\/{rel}","templated":true}]}}